{"id":853,"date":"2017-09-09T17:24:57","date_gmt":"2017-09-09T14:24:57","guid":{"rendered":"http:\/\/goldspirit.ee\/teenused\/"},"modified":"2021-08-31T09:18:16","modified_gmt":"2021-08-31T06:18:16","slug":"palvelut","status":"publish","type":"page","link":"https:\/\/www.goldspirit.ee\/fi\/palvelut\/","title":{"rendered":"Palvelut"},"content":{"rendered":"<p class=\"p1\">Tarjoamme asiakkaillemme erilaisia ratkaisuja riippumatta suunnitelmien haastavuudesta tai <span class=\"Apple-converted-space\">\u00a0 <\/span>rakennusmateriaaleista.<span class=\"Apple-converted-space\">\u00a0 <\/span>Annamme ty\u00f6llemme kahden vuoden takuun. Noudatamme tunnollisesti rakennushankkeissa suunnittelijan antamia ohjeita ja detaljeja. Asiakkaamme saavat meilt\u00e4 neuvoja ja tukea rakentamisen eri vaiheissa. <span class=\"Apple-converted-space\">\u00a0<\/span><\/p>\n<p class=\"p1\">Ty\u00f6ntekij\u00f6ill\u00e4 on yli 10 vuoden kokemus rakentamisesta. Tiimimme koostuu vain luotettavista ja tunnollisista rakentajista, useimmat yhti\u00f6mme rakennusty\u00f6ntekij\u00e4t ovat olleet yhti\u00f6n palveluksessa jo yli kuusi vuotta<\/p>\n<h2>Tarjomme:<\/h2>\n<p class=\"p1\"><b>muurausty\u00f6t<\/b><\/p>\n<p class=\"p1\"><b>perustukset<\/b><\/p>\n<p class=\"p1\"><b>hirsitalojen pystytys<\/b><\/p>\n<p class=\"p1\"><b>kattoty\u00f6t<\/b><\/p>\n","protected":false},"excerpt":{"rendered":"<p>Tarjoamme asiakkaillemme erilaisia ratkaisuja riippumatta suunnitelmien haastavuudesta tai \u00a0 rakennusmateriaaleista.\u00a0 Annamme ty\u00f6llemme kahden vuoden takuun. Noudatamme tunnollisesti rakennushankkeissa suunnittelijan antamia ohjeita ja detaljeja. Asiakkaamme saavat meilt\u00e4 neuvoja ja tukea rakentamisen eri vaiheissa. \u00a0 Ty\u00f6ntekij\u00f6ill\u00e4 on yli 10 vuoden kokemus rakentamisesta. Tiimimme koostuu vain luotettavista ja tunnollisista rakentajista, useimmat yhti\u00f6mme rakennusty\u00f6ntekij\u00e4t ovat olleet yhti\u00f6n palveluksessa jo [&hellip;]<\/p>\n","protected":false},"author":1,"featured_media":0,"parent":0,"menu_order":0,"comment_status":"closed","ping_status":"closed","template":"page4.php","meta":{"_acf_changed":false,"footnotes":""},"class_list":["post-853","page","type-page","status-publish","hentry"],"acf":[],"aioseo_notices":[],"_links":{"self":[{"href":"https:\/\/www.goldspirit.ee\/fi\/wp-json\/wp\/v2\/pages\/853"}],"collection":[{"href":"https:\/\/www.goldspirit.ee\/fi\/wp-json\/wp\/v2\/pages"}],"about":[{"href":"https:\/\/www.goldspirit.ee\/fi\/wp-json\/wp\/v2\/types\/page"}],"author":[{"embeddable":true,"href":"https:\/\/www.goldspirit.ee\/fi\/wp-json\/wp\/v2\/users\/1"}],"replies":[{"embeddable":true,"href":"https:\/\/www.goldspirit.ee\/fi\/wp-json\/wp\/v2\/comments?post=853"}],"version-history":[{"count":5,"href":"https:\/\/www.goldspirit.ee\/fi\/wp-json\/wp\/v2\/pages\/853\/revisions"}],"predecessor-version":[{"id":921,"href":"https:\/\/www.goldspirit.ee\/fi\/wp-json\/wp\/v2\/pages\/853\/revisions\/921"}],"wp:attachment":[{"href":"https:\/\/www.goldspirit.ee\/fi\/wp-json\/wp\/v2\/media?parent=853"}],"curies":[{"name":"wp","href":"https:\/\/api.w.org\/{rel}","templated":true}]}}