{"id":856,"date":"2017-06-20T18:37:11","date_gmt":"2017-06-20T15:37:11","guid":{"rendered":"http:\/\/goldspirit.ee\/firmast\/"},"modified":"2017-09-11T12:06:25","modified_gmt":"2017-09-11T09:06:25","slug":"yhtio","status":"publish","type":"page","link":"https:\/\/www.goldspirit.ee\/fi\/yhtio\/","title":{"rendered":"Yhti\u00f6"},"content":{"rendered":"<p>Goldspirit O\u00dc aloitti toimintansa vuonna 2010. T\u00e4m\u00e4 aikana olemme rakentanut 20 omakotitalojaja ja yksi hevostalli.<br \/>\nOlemme my\u00f6s tehnyt alihankintaa, muotity\u00f6t ja betonity\u00f6t, betonielementti asennus.<br \/>\nTy\u00f6t teemme huolellisesti ,m\u00e4\u00e4r\u00e4aikaisesti ja laatuisesti!<\/p>\n","protected":false},"excerpt":{"rendered":"<p>Goldspirit O\u00dc aloitti toimintansa vuonna 2010. T\u00e4m\u00e4 aikana olemme rakentanut 20 omakotitalojaja ja yksi hevostalli. Olemme my\u00f6s tehnyt alihankintaa, muotity\u00f6t ja betonity\u00f6t, betonielementti asennus. Ty\u00f6t teemme huolellisesti ,m\u00e4\u00e4r\u00e4aikaisesti ja laatuisesti!<\/p>\n","protected":false},"author":1,"featured_media":0,"parent":0,"menu_order":0,"comment_status":"closed","ping_status":"closed","template":"page8.php","meta":{"_acf_changed":false,"footnotes":""},"class_list":["post-856","page","type-page","status-publish","hentry"],"acf":[],"aioseo_notices":[],"_links":{"self":[{"href":"https:\/\/www.goldspirit.ee\/fi\/wp-json\/wp\/v2\/pages\/856"}],"collection":[{"href":"https:\/\/www.goldspirit.ee\/fi\/wp-json\/wp\/v2\/pages"}],"about":[{"href":"https:\/\/www.goldspirit.ee\/fi\/wp-json\/wp\/v2\/types\/page"}],"author":[{"embeddable":true,"href":"https:\/\/www.goldspirit.ee\/fi\/wp-json\/wp\/v2\/users\/1"}],"replies":[{"embeddable":true,"href":"https:\/\/www.goldspirit.ee\/fi\/wp-json\/wp\/v2\/comments?post=856"}],"version-history":[{"count":1,"href":"https:\/\/www.goldspirit.ee\/fi\/wp-json\/wp\/v2\/pages\/856\/revisions"}],"predecessor-version":[{"id":857,"href":"https:\/\/www.goldspirit.ee\/fi\/wp-json\/wp\/v2\/pages\/856\/revisions\/857"}],"wp:attachment":[{"href":"https:\/\/www.goldspirit.ee\/fi\/wp-json\/wp\/v2\/media?parent=856"}],"curies":[{"name":"wp","href":"https:\/\/api.w.org\/{rel}","templated":true}]}}